{"id":74,"date":"2022-01-30T22:49:58","date_gmt":"2022-01-30T22:49:58","guid":{"rendered":"https:\/\/avagarrett.net\/novo_site\/?page_id=74"},"modified":"2026-01-05T11:26:10","modified_gmt":"2026-01-05T11:26:10","slug":"conselho_geral","status":"publish","type":"page","link":"https:\/\/avagarrett.net\/novo_site\/conselho_geral\/","title":{"rendered":"Conselho Geral"},"content":{"rendered":"<p>[et_pb_section fb_built=&#8221;1&#8243; admin_label=&#8221;Header&#8221; _builder_version=&#8221;4.16&#8243; _module_preset=&#8221;default&#8221; custom_padding=&#8221;0px||0px||true|false&#8221; da_disable_devices=&#8221;off|off|off&#8221; global_colors_info=&#8221;{}&#8221; da_is_popup=&#8221;off&#8221; da_exit_intent=&#8221;off&#8221; da_has_close=&#8221;on&#8221; da_alt_close=&#8221;off&#8221; da_dark_close=&#8221;off&#8221; da_not_modal=&#8221;on&#8221; da_is_singular=&#8221;off&#8221; da_with_loader=&#8221;off&#8221; da_has_shadow=&#8221;on&#8221;][et_pb_row column_structure=&#8221;1_2,1_2&#8243; _builder_version=&#8221;4.16&#8243; _module_preset=&#8221;default&#8221; custom_padding=&#8221;0px||0px||true|false&#8221; global_colors_info=&#8221;{}&#8221;][et_pb_column type=&#8221;1_2&#8243; _builder_version=&#8221;4.16&#8243; _module_preset=&#8221;default&#8221; custom_padding=&#8221;150px||||false|false&#8221; custom_padding_tablet=&#8221;30px||||false|false&#8221; custom_padding_phone=&#8221;20px||||false|false&#8221; custom_padding_last_edited=&#8221;on|phone&#8221; global_colors_info=&#8221;{}&#8221;][et_pb_text _builder_version=&#8221;4.16&#8243; _module_preset=&#8221;e598b17a-9229-42f6-b238-019d6094332e&#8221; header_font=&#8221;Roboto|500|||||||&#8221; header_text_color=&#8221;#000000&#8243; header_font_size=&#8221;80px&#8221; header_line_height=&#8221;1.15em&#8221; header_font_size_tablet=&#8221;40px&#8221; header_font_size_phone=&#8221;24px&#8221; header_font_size_last_edited=&#8221;on|desktop&#8221; locked=&#8221;off&#8221; global_colors_info=&#8221;{}&#8221;]<\/p>\n<h1>Conselho Geral<\/h1>\n<p>[\/et_pb_text][\/et_pb_column][et_pb_column type=&#8221;1_2&#8243; _builder_version=&#8221;4.16&#8243; _module_preset=&#8221;default&#8221; global_colors_info=&#8221;{}&#8221;][et_pb_image src=&#8221;https:\/\/avagarrett.net\/novo_site\/wp-content\/uploads\/2022\/02\/Imagem-Pequena-4.jpg&#8221; title_text=&#8221;Imagem Pequena 4&#8243; _builder_version=&#8221;4.16&#8243; _module_preset=&#8221;default&#8221; custom_margin=&#8221;|-10vw|||false|false&#8221; custom_margin_tablet=&#8221;|0%|||false|false&#8221; custom_margin_phone=&#8221;&#8221; custom_margin_last_edited=&#8221;on|tablet&#8221; global_colors_info=&#8221;{}&#8221;][\/et_pb_image][\/et_pb_column][\/et_pb_row][et_pb_row column_structure=&#8221;1_2,1_2&#8243; custom_padding_last_edited=&#8221;on|phone&#8221; _builder_version=&#8221;4.16&#8243; _module_preset=&#8221;default&#8221; background_color=&#8221;#FFFFFF&#8221; background_image=&#8221;https:\/\/avagarrett.net\/novo_site\/wp-content\/uploads\/2022\/01\/high-school_34.png&#8221; background_size=&#8221;initial&#8221; background_position=&#8221;top_left&#8221; background_repeat=&#8221;repeat-x&#8221; z_index=&#8221;500&#8243; custom_margin=&#8221;||||false|false&#8221; custom_margin_tablet=&#8221;0px||||false|false&#8221; custom_margin_last_edited=&#8221;off|desktop&#8221; custom_padding=&#8221;40px|40px|40px|40px|true|true&#8221; custom_padding_tablet=&#8221;30px|30px|30px|30px|true|true&#8221; custom_padding_phone=&#8221;20px|20px|20px|20px|true|true&#8221; box_shadow_style=&#8221;preset3&#8243; box_shadow_vertical=&#8221;60px&#8221; box_shadow_blur=&#8221;60px&#8221; box_shadow_spread=&#8221;0px&#8221; box_shadow_color=&#8221;rgba(14,15,43,0.1)&#8221; global_colors_info=&#8221;{}&#8221;][et_pb_column type=&#8221;1_2&#8243; _builder_version=&#8221;4.16&#8243; _module_preset=&#8221;default&#8221; global_colors_info=&#8221;{}&#8221;][et_pb_text _builder_version=&#8221;4.27.5&#8243; _module_preset=&#8221;7262e956-c376-4aa6-9642-c413f71527d0&#8243; text_line_height=&#8221;1.8em&#8221; hover_enabled=&#8221;0&#8243; header_font_size_tablet=&#8221;55px&#8221; header_font_size_last_edited=&#8221;off|desktop&#8221; locked=&#8221;off&#8221; global_colors_info=&#8221;{}&#8221; sticky_enabled=&#8221;0&#8243;]<\/p>\n<p><b>Representantes do Pessoal Docente<\/b><\/p>\n<p>Jos\u00e9 Br\u00e1s \u2013 <b>Presidente<\/b><\/p>\n<p>Elisabete Ferreira<\/p>\n<p>Rita Silv\u00e9rio<\/p>\n<p>Isabel Dias<\/p>\n<p>Patr\u00edcia Vaz da Silva<\/p>\n<p>S\u00f3nia Lisboa<\/p>\n<p>Raquel Velez<\/p>\n<p>Isabel Crist\u00f3v\u00e3o<\/p>\n<p><b>Representantes do Pessoal N\u00e3o Docente<\/b><\/p>\n<p>Ricardo Rodrigues<\/p>\n<p>Cl\u00e1udia Loureiro<\/p>\n<p><b>Representantes dos Pais e Encarregados de Educa\u00e7\u00e3o<\/b><\/p>\n<p>Natacha Frey-Noudeau<\/p>\n<p>Ana Filipa Borges<\/p>\n<p>Catarina Oliveira<\/p>\n<p>Clarisse Dias<\/p>\n<p>Susana Serr\u00e3o<\/p>\n<p>[\/et_pb_text][\/et_pb_column][et_pb_column type=&#8221;1_2&#8243; _builder_version=&#8221;4.16&#8243; _module_preset=&#8221;default&#8221; global_colors_info=&#8221;{}&#8221;][et_pb_text _builder_version=&#8221;4.27.5&#8243; _module_preset=&#8221;default&#8221; hover_enabled=&#8221;0&#8243; global_colors_info=&#8221;{}&#8221; sticky_enabled=&#8221;0&#8243;]<\/p>\n<p><b>Representantes do Munic\u00edpio<\/b><\/p>\n<p>Ana Ch\u00e3o<\/p>\n<p>J\u00e9ssica Soares<\/p>\n<p>S\u00f3nia Pires<\/p>\n<p><b>Representantes da Comunidade local<\/b><\/p>\n<p>Ana Catarina Dias &#8211; Santa Casa da Miseric\u00f3rdia da Amadora<\/p>\n<p>Marta Rodrigues &#8211; Funda\u00e7\u00e3o AFID<\/p>\n<p>Ana Cardoso &#8211; CESIS\/CooperActiva<\/p>\n<p><b>Diretor<\/b><\/p>\n<p>Francisco Magro<\/p>\n<p>[\/et_pb_text][\/et_pb_column][\/et_pb_row][\/et_pb_section][et_pb_section fb_built=&#8221;1&#8243; _builder_version=&#8221;4.16&#8243; background_color=&#8221;#29648a&#8221; da_disable_devices=&#8221;off|off|off&#8221; global_module=&#8221;100&#8243; global_colors_info=&#8221;{}&#8221; da_is_popup=&#8221;off&#8221; da_exit_intent=&#8221;off&#8221; da_has_close=&#8221;on&#8221; da_alt_close=&#8221;off&#8221; da_dark_close=&#8221;off&#8221; da_not_modal=&#8221;on&#8221; da_is_singular=&#8221;off&#8221; da_with_loader=&#8221;off&#8221; da_has_shadow=&#8221;on&#8221;][et_pb_row column_structure=&#8221;1_4,1_2,1_4&#8243; _builder_version=&#8221;4.16&#8243; _module_preset=&#8221;default&#8221; width=&#8221;100%&#8221; max_width=&#8221;80%&#8221; module_alignment=&#8221;center&#8221; custom_margin=&#8221;||||false|false&#8221; custom_padding=&#8221;||||false|false&#8221; locked=&#8221;off&#8221; global_colors_info=&#8221;{}&#8221;][et_pb_column type=&#8221;1_4&#8243; _builder_version=&#8221;4.16&#8243; _module_preset=&#8221;default&#8221; global_colors_info=&#8221;{}&#8221;][et_pb_divider show_divider=&#8221;off&#8221; _builder_version=&#8221;4.16&#8243; _module_preset=&#8221;default&#8221; global_colors_info=&#8221;{}&#8221;][\/et_pb_divider][et_pb_text _builder_version=&#8221;4.16&#8243; _module_preset=&#8221;default&#8221; text_font=&#8221;Lato|700|||||||&#8221; text_text_color=&#8221;#FFFFFF&#8221; text_font_size=&#8221;35px&#8221; global_colors_info=&#8221;{}&#8221;]<\/p>\n<p>Liga\u00e7\u00f5es<\/p>\n<p>[\/et_pb_text][et_pb_text _builder_version=&#8221;4.27.4&#8243; _module_preset=&#8221;default&#8221; text_font=&#8221;Lato|700|||||||&#8221; text_text_color=&#8221;#FFFFFF&#8221; text_font_size=&#8221;20px&#8221; global_colors_info=&#8221;{}&#8221;]<\/p>\n<p><a href=\"https:\/\/educa.cm-amadora.pt\" target=\"_blank\" rel=\"noopener\">Amadora Educa<\/a><\/p>\n<p><a href=\"http:\/\/www.escxel.com\/\" target=\"_blank\" rel=\"noopener\">Escxel<\/a><\/p>\n<p><a href=\"https:\/\/orquestra.geracao.aml.pt\/\" target=\"_blank\" rel=\"noopener\">Orquestra Gera\u00e7\u00e3o<\/a><\/p>\n<p><a href=\"https:\/\/avagarrett.net\/novo_site\/menac\/\">MENAC<\/a><\/p>\n<p>[\/et_pb_text][\/et_pb_column][et_pb_column type=&#8221;1_2&#8243; _builder_version=&#8221;4.16&#8243; _module_preset=&#8221;default&#8221; global_colors_info=&#8221;{}&#8221;][et_pb_code _builder_version=&#8221;4.16&#8243; _module_preset=&#8221;default&#8221; width=&#8221;100%&#8221; max_width=&#8221;100%&#8221; module_alignment=&#8221;center&#8221; global_colors_info=&#8221;{}&#8221;]<iframe src=\"https:\/\/www.google.com\/maps\/embed?pb=!1m18!1m12!1m3!1d3112.3259156444324!2d-9.216838949697777!3d38.733282664107286!2m3!1f0!2f0!3f0!3m2!1i1024!2i768!4f13.1!3m3!1m2!1s0xd1ecce978f8f583%3A0x17722bbfb88bc32e!2sAgrupamento%20Vertical%20Almeida%20Garret!5e0!3m2!1spt-PT!2spt!4v1643580899387!5m2!1spt-PT!2spt\" width=\"100%\" height=\"300px\" style=\"border:0;\" allowfullscreen=\"\" loading=\"lazy\"><\/iframe>[\/et_pb_code][\/et_pb_column][et_pb_column type=&#8221;1_4&#8243; _builder_version=&#8221;4.16&#8243; _module_preset=&#8221;default&#8221; custom_padding=&#8221;||||false|false&#8221; global_colors_info=&#8221;{}&#8221;][et_pb_divider show_divider=&#8221;off&#8221; _builder_version=&#8221;4.16&#8243; _module_preset=&#8221;default&#8221; global_colors_info=&#8221;{}&#8221;][\/et_pb_divider][et_pb_text _builder_version=&#8221;4.16&#8243; _module_preset=&#8221;default&#8221; text_font=&#8221;Lato|700|||||||&#8221; text_text_color=&#8221;#FFFFFF&#8221; text_font_size=&#8221;35px&#8221; global_colors_info=&#8221;{}&#8221;]<\/p>\n<p>Contactos<\/p>\n<p>[\/et_pb_text][et_pb_text _builder_version=&#8221;4.16&#8243; _module_preset=&#8221;default&#8221; text_font=&#8221;Lato||||||||&#8221; text_text_color=&#8221;#FFFFFF&#8221; text_font_size=&#8221;20px&#8221; custom_margin=&#8221;||||false|false&#8221; global_colors_info=&#8221;{}&#8221;]<\/p>\n<p>Largo Rotary Club da Amadora 2610-298<\/p>\n<p>Email : <a href=\"mailto:geral@avagarrett.net\" target=\"_blank\" rel=\"noopener\">geral@avagarrett.net<\/a><\/p>\n<p>Tel. 21 471 20 60<\/p>\n<p>[\/et_pb_text][\/et_pb_column][\/et_pb_row][et_pb_section fb_built=&#8221;1&#8243; _builder_version=&#8221;4.27.4&#8243; _module_preset=&#8221;default&#8221; custom_margin=&#8221;||-40px|||&#8221; custom_padding=&#8221;12px||0px|||&#8221; da_disable_devices=&#8221;off|off|off&#8221; global_colors_info=&#8221;{}&#8221; column_structure=&#8221;4_4&#8243;][et_pb_column _builder_version=&#8221;4.27.5&#8243; _module_preset=&#8221;default&#8221; type=&#8221;4_4&#8243;][\/et_pb_column][\/et_pb_section][et_pb_row column_structure=&#8221;3_4,1_4&#8243; _builder_version=&#8221;4.27.4&#8243; _module_preset=&#8221;default&#8221; custom_margin=&#8221;17px|auto|60px|auto||&#8221; custom_padding=&#8221;0px||14px|||&#8221; global_colors_info=&#8221;{}&#8221;][et_pb_column type=&#8221;3_4&#8243; _builder_version=&#8221;4.27.4&#8243; _module_preset=&#8221;default&#8221; global_colors_info=&#8221;{}&#8221;][et_pb_image src=&#8221;https:\/\/avagarrett.net\/novo_site\/wp-content\/uploads\/2025\/02\/Barra-cofinancimento-1.png&#8221; title_text=&#8221;Barra cofinancimento (1)&#8221; _builder_version=&#8221;4.27.4&#8243; _module_preset=&#8221;default&#8221; global_colors_info=&#8221;{}&#8221;][\/et_pb_image][\/et_pb_column][et_pb_column type=&#8221;1_4&#8243; _builder_version=&#8221;4.27.4&#8243; _module_preset=&#8221;default&#8221; global_colors_info=&#8221;{}&#8221;][et_pb_image src=&#8221;https:\/\/avagarrett.net\/novo_site\/wp-content\/uploads\/2025\/07\/UNESCO-REDE-DE-ESCOLAS-ASSOCIADAS.jpg&#8221; title_text=&#8221;UNESCO REDE DE ESCOLAS ASSOCIADAS&#8221; align=&#8221;center&#8221; _builder_version=&#8221;4.27.4&#8243; _module_preset=&#8221;default&#8221; width=&#8221;50%&#8221; custom_margin=&#8221;||-3px|||&#8221; global_colors_info=&#8221;{}&#8221;][\/et_pb_image][\/et_pb_column][\/et_pb_row][\/et_pb_section]<\/p>\n","protected":false},"excerpt":{"rendered":"<p>Conselho GeralRepresentantes do Pessoal Docente Jos\u00e9 Br\u00e1s \u2013 Presidente Elisabete Ferreira Rita Silv\u00e9rio Isabel Dias Patr\u00edcia Vaz da Silva S\u00f3nia Lisboa Raquel Velez Isabel Crist\u00f3v\u00e3o Representantes do Pessoal N\u00e3o Docente Ricardo Rodrigues Cl\u00e1udia Loureiro Representantes dos Pais e Encarregados de Educa\u00e7\u00e3o Natacha Frey-Noudeau Ana Filipa Borges Catarina Oliveira Clarisse Dias Susana Serr\u00e3oRepresentantes do Munic\u00edpio Ana [&hellip;]<\/p>\n","protected":false},"author":1,"featured_media":0,"parent":0,"menu_order":0,"comment_status":"closed","ping_status":"closed","template":"","meta":{"_et_pb_use_builder":"on","_et_pb_old_content":"","_et_gb_content_width":"","footnotes":""},"class_list":["post-74","page","type-page","status-publish","hentry"],"_links":{"self":[{"href":"https:\/\/avagarrett.net\/novo_site\/wp-json\/wp\/v2\/pages\/74","targetHints":{"allow":["GET"]}}],"collection":[{"href":"https:\/\/avagarrett.net\/novo_site\/wp-json\/wp\/v2\/pages"}],"about":[{"href":"https:\/\/avagarrett.net\/novo_site\/wp-json\/wp\/v2\/types\/page"}],"author":[{"embeddable":true,"href":"https:\/\/avagarrett.net\/novo_site\/wp-json\/wp\/v2\/users\/1"}],"replies":[{"embeddable":true,"href":"https:\/\/avagarrett.net\/novo_site\/wp-json\/wp\/v2\/comments?post=74"}],"version-history":[{"count":16,"href":"https:\/\/avagarrett.net\/novo_site\/wp-json\/wp\/v2\/pages\/74\/revisions"}],"predecessor-version":[{"id":1911,"href":"https:\/\/avagarrett.net\/novo_site\/wp-json\/wp\/v2\/pages\/74\/revisions\/1911"}],"wp:attachment":[{"href":"https:\/\/avagarrett.net\/novo_site\/wp-json\/wp\/v2\/media?parent=74"}],"curies":[{"name":"wp","href":"https:\/\/api.w.org\/{rel}","templated":true}]}}