{"id":119,"date":"2022-02-05T18:18:03","date_gmt":"2022-02-05T18:18:03","guid":{"rendered":"https:\/\/avagarrett.net\/novo_site\/?page_id=119"},"modified":"2022-02-22T09:29:08","modified_gmt":"2022-02-22T09:29:08","slug":"patrono","status":"publish","type":"page","link":"https:\/\/avagarrett.net\/novo_site\/patrono\/","title":{"rendered":"Patrono"},"content":{"rendered":"<p>[et_pb_section fb_built=&#8221;1&#8243; admin_label=&#8221;Header&#8221; _builder_version=&#8221;4.10.6&#8243; _module_preset=&#8221;default&#8221; custom_padding=&#8221;0px||0px||true|false&#8221; global_colors_info=&#8221;{}&#8221;][et_pb_row column_structure=&#8221;1_2,1_2&#8243; _builder_version=&#8221;4.10.6&#8243; _module_preset=&#8221;default&#8221; custom_padding=&#8221;0px||0px||true|false&#8221; global_colors_info=&#8221;{}&#8221;][et_pb_column type=&#8221;1_2&#8243; _builder_version=&#8221;4.10.6&#8243; _module_preset=&#8221;default&#8221; custom_padding=&#8221;150px||||false|false&#8221; custom_padding_tablet=&#8221;30px||||false|false&#8221; custom_padding_phone=&#8221;20px||||false|false&#8221; custom_padding_last_edited=&#8221;on|phone&#8221; global_colors_info=&#8221;{}&#8221;][et_pb_text _builder_version=&#8221;4.14.7&#8243; _module_preset=&#8221;e598b17a-9229-42f6-b238-019d6094332e&#8221; header_font=&#8221;Roboto|500|||||||&#8221; header_text_color=&#8221;#000000&#8243; header_font_size=&#8221;80px&#8221; header_line_height=&#8221;1.15em&#8221; header_font_size_tablet=&#8221;40px&#8221; header_font_size_phone=&#8221;24px&#8221; header_font_size_last_edited=&#8221;on|desktop&#8221; locked=&#8221;off&#8221; global_colors_info=&#8221;{}&#8221;]<\/p>\n<h1>Patrono<\/h1>\n<p>[\/et_pb_text][\/et_pb_column][et_pb_column type=&#8221;1_2&#8243; _builder_version=&#8221;4.10.6&#8243; _module_preset=&#8221;default&#8221; global_colors_info=&#8221;{}&#8221;][et_pb_image src=&#8221;https:\/\/avagarrett.net\/novo_site\/wp-content\/uploads\/2022\/02\/Imagem-Pequena-5.jpg&#8221; title_text=&#8221;Imagem Pequena 5&#8243; _builder_version=&#8221;4.14.8&#8243; _module_preset=&#8221;default&#8221; custom_margin=&#8221;|-10vw|||false|false&#8221; custom_margin_tablet=&#8221;|0%|||false|false&#8221; custom_margin_phone=&#8221;&#8221; custom_margin_last_edited=&#8221;on|tablet&#8221; hover_enabled=&#8221;0&#8243; global_colors_info=&#8221;{}&#8221; sticky_enabled=&#8221;0&#8243;][\/et_pb_image][\/et_pb_column][\/et_pb_row][et_pb_row custom_padding_last_edited=&#8221;on|phone&#8221; _builder_version=&#8221;4.10.6&#8243; _module_preset=&#8221;default&#8221; background_color=&#8221;#FFFFFF&#8221; background_image=&#8221;https:\/\/avagarrett.net\/novo_site\/wp-content\/uploads\/2022\/01\/high-school_34.png&#8221; background_size=&#8221;initial&#8221; background_position=&#8221;top_left&#8221; background_repeat=&#8221;repeat-x&#8221; z_index=&#8221;500&#8243; custom_margin=&#8221;||||false|false&#8221; custom_margin_tablet=&#8221;0px||||false|false&#8221; custom_margin_last_edited=&#8221;off|desktop&#8221; custom_padding=&#8221;40px|40px|40px|40px|true|true&#8221; custom_padding_tablet=&#8221;30px|30px|30px|30px|true|true&#8221; custom_padding_phone=&#8221;20px|20px|20px|20px|true|true&#8221; box_shadow_style=&#8221;preset3&#8243; box_shadow_vertical=&#8221;60px&#8221; box_shadow_blur=&#8221;60px&#8221; box_shadow_spread=&#8221;0px&#8221; box_shadow_color=&#8221;rgba(14,15,43,0.1)&#8221; global_colors_info=&#8221;{}&#8221;][et_pb_column type=&#8221;4_4&#8243; _builder_version=&#8221;4.10.6&#8243; _module_preset=&#8221;default&#8221; global_colors_info=&#8221;{}&#8221;][et_pb_text _builder_version=&#8221;4.14.7&#8243; _module_preset=&#8221;7262e956-c376-4aa6-9642-c413f71527d0&#8243; text_line_height=&#8221;1.8em&#8221; header_font_size_tablet=&#8221;55px&#8221; header_font_size_last_edited=&#8221;off|desktop&#8221; locked=&#8221;off&#8221; global_colors_info=&#8221;{}&#8221;]<\/p>\n<p align=\"JUSTIFY\" style=\"text-align: justify;\"><strong>Jo\u00e3o Baptista da Silva Leit\u00e3o de Almeida Garrett<\/strong><span>, mais tarde 1.\u00ba Visconde de Almeida Garrett, nasceu no dia 4 de fevereiro de 1799, no Porto, e faleceu em Lisboa, no dia 9 de dezembro de 1854.<\/span><\/p>\n<p style=\"text-align: justify;\"><span>Foi escritor e dramaturgo rom\u00e2ntico, orador, par do reino, ministro e secret\u00e1rio de estado honor\u00e1rio. Foi tamb\u00e9m um grande impulsionador do teatro em Portugal, prop\u00f4s a edifica\u00e7\u00e3o do Teatro Nacional D. Maria II e a cria\u00e7\u00e3o do Conservat\u00f3rio de Arte Dram\u00e1tica.<\/span><\/p>\n<p style=\"text-align: justify;\"><span>Passou a sua inf\u00e2ncia em Vila Nova de Gaia e a sua adolesc\u00eancia na Ilha Terceira, nos A\u00e7ores. Em 1816 matriculou-se na Faculdade de Direito de Coimbra e dedicou-se \u00e0 atividade dram\u00e1tica num meio acad\u00e9mico agitado pelas novas ideias pol\u00edticas. Concluiu o curso em 1821, ano em que termina\u00a0<\/span><span><em>O Retrato de V\u00e9nus<\/em><\/span><span>. Passa a viver em Lisboa e casa com Lu\u00edsa Midosi.<\/span><\/p>\n<p style=\"text-align: justify;\"><span>Viveu exilado em Inglaterra e em Fran\u00e7a de 1823 a 1826. Regressa a Portugal e dirige os jornais\u00a0<\/span><span><em>O Portugu\u00eas<\/em><\/span><span>\u00a0e\u00a0<\/span><span><em>O Cronista<\/em><\/span><span>, mas volta ao ex\u00edlio de 1828 a 1831.<\/span><\/p>\n<p style=\"text-align: justify;\"><span>De 1833 a 1836, \u00e9 nomeado Encarregado de Neg\u00f3cios e C\u00f4nsul-Geral na B\u00e9lgica.<\/span><\/p>\n<p style=\"text-align: justify;\"><span>\u00c9 o respons\u00e1vel pela restaura\u00e7\u00e3o do teatro portugu\u00eas, cria o Conservat\u00f3rio de Arte Dram\u00e1tica, a Inspe\u00e7\u00e3o Geral dos Teatros e o Teatro Nacional.<\/span><\/p>\n<p style=\"text-align: justify;\"><span>\u00c9 nomeado deputado em 1837, Cronista-Mor em 1838, Par do Reino em 1851 e respons\u00e1vel pela pasta dos Neg\u00f3cios Estrangeiros em 1852.<\/span><\/p>\n<p style=\"text-align: justify;\"><span>D. Pedro V agraciou-o, a 25 de junho de 1854, com o t\u00edtulo de Visconde de Almeida Garrett.<\/span><\/p>\n<p style=\"text-align: justify;\">[\/et_pb_text][\/et_pb_column][\/et_pb_row][\/et_pb_section][et_pb_section fb_built=&#8221;1&#8243; admin_label=&#8221;Mission&#8221; _builder_version=&#8221;4.10.6&#8243; _module_preset=&#8221;default&#8221; background_color=&#8221;#f5f0eb&#8221; custom_padding=&#8221;||||false|false&#8221; global_colors_info=&#8221;{}&#8221;][et_pb_row _builder_version=&#8221;4.14.7&#8243; _module_preset=&#8221;default&#8221; global_colors_info=&#8221;{}&#8221;][et_pb_column type=&#8221;4_4&#8243; _builder_version=&#8221;4.14.7&#8243; _module_preset=&#8221;default&#8221; global_colors_info=&#8221;{}&#8221;][et_pb_image src=&#8221;https:\/\/avagarrett.net\/novo_site\/wp-content\/uploads\/2022\/02\/Almeida_Garrett_por_Guglielmi.jpg&#8221; title_text=&#8221;Almeida_Garrett_por_Guglielmi&#8221; align=&#8221;center&#8221; _builder_version=&#8221;4.14.7&#8243; _module_preset=&#8221;default&#8221; box_shadow_style=&#8221;preset2&#8243; box_shadow_color=&#8221;#000000&#8243; global_colors_info=&#8221;{}&#8221;][\/et_pb_image][et_pb_text _builder_version=&#8221;4.14.7&#8243; _module_preset=&#8221;default&#8221; global_colors_info=&#8221;{}&#8221;]<\/p>\n<p style=\"text-align: center;\"><span class=\"mw-mmv-author\"><b><em>&#8220;Retrato de Almeida Garrett&#8221;,<\/em> Pedro Augusto Guglielmi<\/b> (fl. ca 1837-1852)<\/span><span> &#8211; <\/span><span class=\"mw-mmv-source\"><a rel=\"nofollow\" class=\"external text\" href=\"http:\/\/purl.pt\/12920\">Biblioteca Nacional de Portugal<\/a>\u00a0(<a rel=\"nofollow\" class=\"external text\" href=\"http:\/\/id.bnportugal.gov.pt\/bib\/catbnp\/728324\">BNP catalog entry<\/a>) Cota local: E. 4472 P.<\/span><\/p>\n<p>[\/et_pb_text][\/et_pb_column][\/et_pb_row][\/et_pb_section][et_pb_section fb_built=&#8221;1&#8243; _builder_version=&#8221;4.14.7&#8243; background_color=&#8221;#29648a&#8221; global_module=&#8221;100&#8243; global_colors_info=&#8221;{}&#8221;][et_pb_row column_structure=&#8221;1_4,1_2,1_4&#8243; _builder_version=&#8221;4.14.7&#8243; _module_preset=&#8221;default&#8221; width=&#8221;100%&#8221; max_width=&#8221;80%&#8221; module_alignment=&#8221;center&#8221; custom_margin=&#8221;||||false|false&#8221; custom_padding=&#8221;||||false|false&#8221; locked=&#8221;off&#8221; global_colors_info=&#8221;{}&#8221;][et_pb_column type=&#8221;1_4&#8243; _builder_version=&#8221;4.10.6&#8243; _module_preset=&#8221;default&#8221; global_colors_info=&#8221;{}&#8221;][et_pb_divider show_divider=&#8221;off&#8221; _builder_version=&#8221;4.14.7&#8243; _module_preset=&#8221;default&#8221; global_colors_info=&#8221;{}&#8221;][\/et_pb_divider][et_pb_text _builder_version=&#8221;4.14.7&#8243; _module_preset=&#8221;default&#8221; text_font=&#8221;Lato|700|||||||&#8221; text_text_color=&#8221;#FFFFFF&#8221; text_font_size=&#8221;35px&#8221; global_colors_info=&#8221;{}&#8221;]<\/p>\n<p>Liga\u00e7\u00f5es<\/p>\n<p>[\/et_pb_text][et_pb_text _builder_version=&#8221;4.14.7&#8243; _module_preset=&#8221;default&#8221; text_font=&#8221;Lato|700|||||||&#8221; text_text_color=&#8221;#FFFFFF&#8221; text_font_size=&#8221;20px&#8221; global_colors_info=&#8221;{}&#8221;]<\/p>\n<p><a href=\"http:\/\/www.escxel.com\/\" target=\"_blank\" rel=\"noopener\">Escxel<\/a><\/p>\n<p><a href=\"https:\/\/orquestra.geracao.aml.pt\/\" target=\"_blank\" rel=\"noopener\">Orquestra Gera\u00e7\u00e3o<\/a><\/p>\n<p>[\/et_pb_text][\/et_pb_column][et_pb_column type=&#8221;1_2&#8243; _builder_version=&#8221;4.10.6&#8243; _module_preset=&#8221;default&#8221; global_colors_info=&#8221;{}&#8221;][et_pb_code _builder_version=&#8221;4.14.7&#8243; _module_preset=&#8221;default&#8221; width=&#8221;100%&#8221; max_width=&#8221;100%&#8221; module_alignment=&#8221;center&#8221; global_colors_info=&#8221;{}&#8221;]<iframe src=\"https:\/\/www.google.com\/maps\/embed?pb=!1m18!1m12!1m3!1d3112.3259156444324!2d-9.216838949697777!3d38.733282664107286!2m3!1f0!2f0!3f0!3m2!1i1024!2i768!4f13.1!3m3!1m2!1s0xd1ecce978f8f583%3A0x17722bbfb88bc32e!2sAgrupamento%20Vertical%20Almeida%20Garret!5e0!3m2!1spt-PT!2spt!4v1643580899387!5m2!1spt-PT!2spt\" width=\"100%\" height=\"300px\" style=\"border:0;\" allowfullscreen=\"\" loading=\"lazy\"><\/iframe>[\/et_pb_code][\/et_pb_column][et_pb_column type=&#8221;1_4&#8243; _builder_version=&#8221;4.14.7&#8243; _module_preset=&#8221;default&#8221; custom_padding=&#8221;||||false|false&#8221; global_colors_info=&#8221;{}&#8221;][et_pb_divider show_divider=&#8221;off&#8221; _builder_version=&#8221;4.14.7&#8243; _module_preset=&#8221;default&#8221; global_colors_info=&#8221;{}&#8221;][\/et_pb_divider][et_pb_text _builder_version=&#8221;4.14.7&#8243; _module_preset=&#8221;default&#8221; text_font=&#8221;Lato|700|||||||&#8221; text_text_color=&#8221;#FFFFFF&#8221; text_font_size=&#8221;35px&#8221; global_colors_info=&#8221;{}&#8221;]<\/p>\n<p>Contactos<\/p>\n<p>[\/et_pb_text][et_pb_text _builder_version=&#8221;4.14.7&#8243; _module_preset=&#8221;default&#8221; text_font=&#8221;Lato||||||||&#8221; text_text_color=&#8221;#FFFFFF&#8221; text_font_size=&#8221;20px&#8221; custom_margin=&#8221;||||false|false&#8221; global_colors_info=&#8221;{}&#8221;]<\/p>\n<p>Largo Rotary Club da Amadora 2610-298<\/p>\n<p>Email : <a href=\"mailto:geral@avagarrett.net\" target=\"_blank\" rel=\"noopener\">geral@avagarrett.net<\/a><\/p>\n<p>Tel. 21 471 20 60<\/p>\n<p>[\/et_pb_text][\/et_pb_column][\/et_pb_row][\/et_pb_section]<\/p>\n","protected":false},"excerpt":{"rendered":"<p>PatronoJo\u00e3o Baptista da Silva Leit\u00e3o de Almeida Garrett, mais tarde 1.\u00ba Visconde de Almeida Garrett, nasceu no dia 4 de fevereiro de 1799, no Porto, e faleceu em Lisboa, no dia 9 de dezembro de 1854. Foi escritor e dramaturgo rom\u00e2ntico, orador, par do reino, ministro e secret\u00e1rio de estado honor\u00e1rio. Foi tamb\u00e9m um grande [&hellip;]<\/p>\n","protected":false},"author":1,"featured_media":0,"parent":0,"menu_order":0,"comment_status":"closed","ping_status":"closed","template":"","meta":{"_et_pb_use_builder":"on","_et_pb_old_content":"","_et_gb_content_width":"","footnotes":""},"class_list":["post-119","page","type-page","status-publish","hentry"],"_links":{"self":[{"href":"https:\/\/avagarrett.net\/novo_site\/wp-json\/wp\/v2\/pages\/119","targetHints":{"allow":["GET"]}}],"collection":[{"href":"https:\/\/avagarrett.net\/novo_site\/wp-json\/wp\/v2\/pages"}],"about":[{"href":"https:\/\/avagarrett.net\/novo_site\/wp-json\/wp\/v2\/types\/page"}],"author":[{"embeddable":true,"href":"https:\/\/avagarrett.net\/novo_site\/wp-json\/wp\/v2\/users\/1"}],"replies":[{"embeddable":true,"href":"https:\/\/avagarrett.net\/novo_site\/wp-json\/wp\/v2\/comments?post=119"}],"version-history":[{"count":5,"href":"https:\/\/avagarrett.net\/novo_site\/wp-json\/wp\/v2\/pages\/119\/revisions"}],"predecessor-version":[{"id":327,"href":"https:\/\/avagarrett.net\/novo_site\/wp-json\/wp\/v2\/pages\/119\/revisions\/327"}],"wp:attachment":[{"href":"https:\/\/avagarrett.net\/novo_site\/wp-json\/wp\/v2\/media?parent=119"}],"curies":[{"name":"wp","href":"https:\/\/api.w.org\/{rel}","templated":true}]}}