{"id":1166,"date":"2024-02-21T15:20:07","date_gmt":"2024-02-21T15:20:07","guid":{"rendered":"https:\/\/avagarrett.net\/novo_site\/docs_info_geral-copy-2\/"},"modified":"2025-03-10T11:00:27","modified_gmt":"2025-03-10T11:00:27","slug":"docs_equivalencia_frequencia","status":"publish","type":"page","link":"https:\/\/avagarrett.net\/novo_site\/docs_equivalencia_frequencia\/","title":{"rendered":"Exames e Provas de Equival\u00eancia \u00e0 Frequ\u00eancia"},"content":{"rendered":"<p>[et_pb_section fb_built=&#8221;1&#8243; custom_padding_last_edited=&#8221;off|tablet&#8221; admin_label=&#8221;Header&#8221; _builder_version=&#8221;4.16&#8243; _module_preset=&#8221;default&#8221; background_image=&#8221;https:\/\/avagarrett.net\/novo_site\/wp-content\/uploads\/2022\/02\/high-school_40.png&#8221; background_size=&#8221;initial&#8221; background_position=&#8221;top_left&#8221; background_repeat=&#8221;repeat-x&#8221; custom_padding=&#8221;100px||0px||false|false&#8221; custom_padding_tablet=&#8221;100px||||false|false&#8221; global_colors_info=&#8221;{}&#8221; da_is_popup=&#8221;off&#8221; da_exit_intent=&#8221;off&#8221; da_has_close=&#8221;on&#8221; da_alt_close=&#8221;off&#8221; da_dark_close=&#8221;off&#8221; da_not_modal=&#8221;on&#8221; da_is_singular=&#8221;off&#8221; da_with_loader=&#8221;off&#8221; da_has_shadow=&#8221;on&#8221; da_disable_devices=&#8221;off|off|off&#8221;][et_pb_row column_structure=&#8221;3_4,1_4&#8243; _builder_version=&#8221;4.16&#8243; _module_preset=&#8221;default&#8221; global_colors_info=&#8221;{}&#8221;][et_pb_column type=&#8221;3_4&#8243; _builder_version=&#8221;4.16&#8243; _module_preset=&#8221;default&#8221; global_colors_info=&#8221;{}&#8221;][et_pb_text _builder_version=&#8221;4.24.1&#8243; _module_preset=&#8221;e598b17a-9229-42f6-b238-019d6094332e&#8221; text_font_size=&#8221;12px&#8221; header_font=&#8221;Roboto|500|||||||&#8221; header_text_color=&#8221;#000000&#8243; header_font_size=&#8221;40px&#8221; header_line_height=&#8221;1.15em&#8221; header_font_size_tablet=&#8221;40px&#8221; header_font_size_phone=&#8221;24px&#8221; header_font_size_last_edited=&#8221;on|desktop&#8221; locked=&#8221;off&#8221; global_colors_info=&#8221;{}&#8221;]<\/p>\n<h1>Exames e Provas de Equival\u00eancia \u00e0 frequ\u00eancia<\/h1>\n<p>[\/et_pb_text][\/et_pb_column][et_pb_column type=&#8221;1_4&#8243; _builder_version=&#8221;4.16&#8243; _module_preset=&#8221;default&#8221; global_colors_info=&#8221;{}&#8221;][\/et_pb_column][\/et_pb_row][\/et_pb_section][et_pb_section fb_built=&#8221;1&#8243; _builder_version=&#8221;4.16&#8243; _module_preset=&#8221;default&#8221; custom_padding=&#8221;0px|||||&#8221; global_colors_info=&#8221;{}&#8221; da_is_popup=&#8221;off&#8221; da_exit_intent=&#8221;off&#8221; da_has_close=&#8221;on&#8221; da_alt_close=&#8221;off&#8221; da_dark_close=&#8221;off&#8221; da_not_modal=&#8221;on&#8221; da_is_singular=&#8221;off&#8221; da_with_loader=&#8221;off&#8221; da_has_shadow=&#8221;on&#8221; da_disable_devices=&#8221;off|off|off&#8221;][et_pb_row column_structure=&#8221;1_4,1_2,1_4&#8243; _builder_version=&#8221;4.16&#8243; _module_preset=&#8221;default&#8221; global_colors_info=&#8221;{}&#8221;][et_pb_column type=&#8221;1_4&#8243; _builder_version=&#8221;4.16&#8243; _module_preset=&#8221;default&#8221; global_colors_info=&#8221;{}&#8221;][et_pb_text _builder_version=&#8221;4.27.4&#8243; _module_preset=&#8221;default&#8221; hover_enabled=&#8221;0&#8243; global_colors_info=&#8221;{}&#8221; sticky_enabled=&#8221;0&#8243;][\/et_pb_text][\/et_pb_column][et_pb_column type=&#8221;1_2&#8243; _builder_version=&#8221;4.16&#8243; _module_preset=&#8221;default&#8221; global_colors_info=&#8221;{}&#8221;][et_pb_text _builder_version=&#8221;4.27.4&#8243; _module_preset=&#8221;default&#8221; hover_enabled=&#8221;0&#8243; global_colors_info=&#8221;{}&#8221; sticky_enabled=&#8221;0&#8243;]<\/p>\n<p><span>2025<\/span><\/p>\n<p><span>\n<!-- Generated using Document Gallery. Get yours here: http:\/\/wordpress.org\/extend\/plugins\/document-gallery -->\n<div id=\"document-gallery-1\" class=\"document-gallery\" data-shortcode='{\"id\":-1,\"include\":\"\",\"exclude\":\"\",\"columns\":3,\"descriptions\":true,\"fancy\":true,\"order\":\"ASC\",\"orderby\":\"menu_order\",\"relation\":\"AND\",\"limit\":-1,\"mime_types\":\"application,video,text,audio,image\",\"new_window\":true,\"paginate\":true,\"post_status\":\"any\",\"post_type\":\"attachment\",\"attachment_pg\":false,\"skip\":0,\"rml_folder\":\"49\"}'>\n<div class='document-icon-row descriptions'>\n   <div class=\"document-icon\">\n      <a href=\"https:\/\/avagarrett.net\/novo_site\/wp-content\/uploads\/2025\/03\/Regulamento-Provas-e-Exames_Despacho-Normativo-n.o-2-A-2025.pdf\" target=\"_blank\">\n         <img decoding=\"async\" src=\"https:\/\/avagarrett.net\/novo_site\/wp-content\/plugins\/document-gallery\/src\/assets\/icons\/pdf.png\" title=\"Regulamento Provas e Exames_Despacho Normativo n.\u00ba 2-A-2025\" alt=\"Regulamento Provas e Exames_Despacho Normativo n.\u00ba 2-A-2025\" data-ext=\"pdf\"\/>\n         <span class=\"title\">Regulamento Provas e Exames_Despacho Normativo n.\u00ba 2-A-2025<\/span>\n      <\/a>\n   <\/div>\n   <p>Regulamento Provas e Exames | Despacho Normativo n.\u00ba 2-A-2025<\/p>\n<\/div>\n<div class='document-icon-row descriptions'>\n   <div class=\"document-icon\">\n      <a href=\"https:\/\/avagarrett.net\/novo_site\/wp-content\/uploads\/2025\/03\/Guia-aplicacao-de-adaptacoes-na-realizacao-de-provas-e-exames.pdf\" target=\"_blank\">\n         <img decoding=\"async\" src=\"https:\/\/avagarrett.net\/novo_site\/wp-content\/plugins\/document-gallery\/src\/assets\/icons\/pdf.png\" title=\"Guia aplicac\u0327a\u0303o de adaptac\u0327o\u0303es na realizac\u0327a\u0303o de provas e exames\" alt=\"Guia aplicac\u0327a\u0303o de adaptac\u0327o\u0303es na realizac\u0327a\u0303o de provas e exames\" data-ext=\"pdf\"\/>\n         <span class=\"title\">Guia aplicac\u0327a\u0303o de adaptac\u0327o\u0303es na realizac\u0327a\u0303o de provas e exames<\/span>\n      <\/a>\n   <\/div>\n   <p>Guia aplica\u00e7\u00e3o de adapta\u00e7\u00f5es na realiza\u00e7\u00e3o de provas e exames<\/p>\n<\/div>\n<\/div><\/span><\/p>\n<p>[\/et_pb_text][\/et_pb_column][et_pb_column type=&#8221;1_4&#8243; _builder_version=&#8221;4.16&#8243; _module_preset=&#8221;default&#8221; global_colors_info=&#8221;{}&#8221;][\/et_pb_column][\/et_pb_row][\/et_pb_section][et_pb_section fb_built=&#8221;1&#8243; _builder_version=&#8221;4.16&#8243; background_color=&#8221;#29648a&#8221; da_disable_devices=&#8221;off|off|off&#8221; global_module=&#8221;100&#8243; global_colors_info=&#8221;{}&#8221; da_is_popup=&#8221;off&#8221; da_exit_intent=&#8221;off&#8221; da_has_close=&#8221;on&#8221; da_alt_close=&#8221;off&#8221; da_dark_close=&#8221;off&#8221; da_not_modal=&#8221;on&#8221; da_is_singular=&#8221;off&#8221; da_with_loader=&#8221;off&#8221; da_has_shadow=&#8221;on&#8221;][et_pb_row column_structure=&#8221;1_4,1_2,1_4&#8243; _builder_version=&#8221;4.16&#8243; _module_preset=&#8221;default&#8221; width=&#8221;100%&#8221; max_width=&#8221;80%&#8221; module_alignment=&#8221;center&#8221; custom_margin=&#8221;||||false|false&#8221; custom_padding=&#8221;||||false|false&#8221; locked=&#8221;off&#8221; global_colors_info=&#8221;{}&#8221;][et_pb_column type=&#8221;1_4&#8243; _builder_version=&#8221;4.16&#8243; _module_preset=&#8221;default&#8221; global_colors_info=&#8221;{}&#8221;][et_pb_divider show_divider=&#8221;off&#8221; _builder_version=&#8221;4.16&#8243; _module_preset=&#8221;default&#8221; global_colors_info=&#8221;{}&#8221;][\/et_pb_divider][et_pb_text _builder_version=&#8221;4.16&#8243; _module_preset=&#8221;default&#8221; text_font=&#8221;Lato|700|||||||&#8221; text_text_color=&#8221;#FFFFFF&#8221; text_font_size=&#8221;35px&#8221; global_colors_info=&#8221;{}&#8221;]<\/p>\n<p>Liga\u00e7\u00f5es<\/p>\n<p>[\/et_pb_text][et_pb_text _builder_version=&#8221;4.27.4&#8243; _module_preset=&#8221;default&#8221; text_font=&#8221;Lato|700|||||||&#8221; text_text_color=&#8221;#FFFFFF&#8221; text_font_size=&#8221;20px&#8221; global_colors_info=&#8221;{}&#8221;]<\/p>\n<p><a href=\"https:\/\/educa.cm-amadora.pt\" target=\"_blank\" rel=\"noopener\">Amadora Educa<\/a><\/p>\n<p><a href=\"http:\/\/www.escxel.com\/\" target=\"_blank\" rel=\"noopener\">Escxel<\/a><\/p>\n<p><a href=\"https:\/\/orquestra.geracao.aml.pt\/\" target=\"_blank\" rel=\"noopener\">Orquestra Gera\u00e7\u00e3o<\/a><\/p>\n<p><a href=\"https:\/\/avagarrett.net\/novo_site\/menac\/\">MENAC<\/a><\/p>\n<p>[\/et_pb_text][\/et_pb_column][et_pb_column type=&#8221;1_2&#8243; _builder_version=&#8221;4.16&#8243; _module_preset=&#8221;default&#8221; global_colors_info=&#8221;{}&#8221;][et_pb_code _builder_version=&#8221;4.16&#8243; _module_preset=&#8221;default&#8221; width=&#8221;100%&#8221; max_width=&#8221;100%&#8221; module_alignment=&#8221;center&#8221; global_colors_info=&#8221;{}&#8221;]<iframe src=\"https:\/\/www.google.com\/maps\/embed?pb=!1m18!1m12!1m3!1d3112.3259156444324!2d-9.216838949697777!3d38.733282664107286!2m3!1f0!2f0!3f0!3m2!1i1024!2i768!4f13.1!3m3!1m2!1s0xd1ecce978f8f583%3A0x17722bbfb88bc32e!2sAgrupamento%20Vertical%20Almeida%20Garret!5e0!3m2!1spt-PT!2spt!4v1643580899387!5m2!1spt-PT!2spt\" width=\"100%\" height=\"300px\" style=\"border:0;\" allowfullscreen=\"\" loading=\"lazy\"><\/iframe>[\/et_pb_code][\/et_pb_column][et_pb_column type=&#8221;1_4&#8243; _builder_version=&#8221;4.16&#8243; _module_preset=&#8221;default&#8221; custom_padding=&#8221;||||false|false&#8221; global_colors_info=&#8221;{}&#8221;][et_pb_divider show_divider=&#8221;off&#8221; _builder_version=&#8221;4.16&#8243; _module_preset=&#8221;default&#8221; global_colors_info=&#8221;{}&#8221;][\/et_pb_divider][et_pb_text _builder_version=&#8221;4.16&#8243; _module_preset=&#8221;default&#8221; text_font=&#8221;Lato|700|||||||&#8221; text_text_color=&#8221;#FFFFFF&#8221; text_font_size=&#8221;35px&#8221; global_colors_info=&#8221;{}&#8221;]<\/p>\n<p>Contactos<\/p>\n<p>[\/et_pb_text][et_pb_text _builder_version=&#8221;4.16&#8243; _module_preset=&#8221;default&#8221; text_font=&#8221;Lato||||||||&#8221; text_text_color=&#8221;#FFFFFF&#8221; text_font_size=&#8221;20px&#8221; custom_margin=&#8221;||||false|false&#8221; global_colors_info=&#8221;{}&#8221;]<\/p>\n<p>Largo Rotary Club da Amadora 2610-298<\/p>\n<p>Email : <a href=\"mailto:geral@avagarrett.net\" target=\"_blank\" rel=\"noopener\">geral@avagarrett.net<\/a><\/p>\n<p>Tel. 21 471 20 60<\/p>\n<p>[\/et_pb_text][\/et_pb_column][\/et_pb_row][et_pb_section fb_built=&#8221;1&#8243; _builder_version=&#8221;4.27.4&#8243; _module_preset=&#8221;default&#8221; custom_margin=&#8221;||-40px|||&#8221; custom_padding=&#8221;12px||0px|||&#8221; da_disable_devices=&#8221;off|off|off&#8221; global_colors_info=&#8221;{}&#8221; column_structure=&#8221;4_4&#8243;][et_pb_column _builder_version=&#8221;4.27.4&#8243; _module_preset=&#8221;default&#8221; type=&#8221;4_4&#8243;][\/et_pb_column][\/et_pb_section][et_pb_row _builder_version=&#8221;4.27.4&#8243; _module_preset=&#8221;default&#8221; custom_margin=&#8221;|auto|60px|auto||&#8221; custom_padding=&#8221;0px||14px|||&#8221; global_colors_info=&#8221;{}&#8221;][et_pb_column type=&#8221;4_4&#8243; _builder_version=&#8221;4.27.4&#8243; _module_preset=&#8221;default&#8221; global_colors_info=&#8221;{}&#8221;][et_pb_image src=&#8221;https:\/\/avagarrett.net\/novo_site\/wp-content\/uploads\/2025\/02\/Barra-cofinancimento-1.png&#8221; title_text=&#8221;Barra cofinancimento (1)&#8221; _builder_version=&#8221;4.27.4&#8243; _module_preset=&#8221;default&#8221; global_colors_info=&#8221;{}&#8221;][\/et_pb_image][\/et_pb_column][\/et_pb_row][\/et_pb_section]<\/p>\n","protected":false},"excerpt":{"rendered":"<p>Exames e Provas de Equival\u00eancia \u00e0 frequ\u00eancia2025 \n<!-- Generated using Document Gallery. Get yours here: http:\/\/wordpress.org\/extend\/plugins\/document-gallery -->\n<div id=\"document-gallery-2\" class=\"document-gallery\" data-shortcode='{\"id\":-1,\"include\":\"\",\"exclude\":\"\",\"columns\":3,\"descriptions\":true,\"fancy\":true,\"order\":\"ASC\",\"orderby\":\"menu_order\",\"relation\":\"AND\",\"limit\":-1,\"mime_types\":\"application,video,text,audio,image\",\"new_window\":true,\"paginate\":true,\"post_status\":\"any\",\"post_type\":\"attachment\",\"attachment_pg\":false,\"skip\":0,\"rml_folder\":\"49\"}'>\n<div class='document-icon-row descriptions'>\n   <div class=\"document-icon\">\n      <a href=\"https:\/\/avagarrett.net\/novo_site\/wp-content\/uploads\/2025\/03\/Regulamento-Provas-e-Exames_Despacho-Normativo-n.o-2-A-2025.pdf\" target=\"_blank\">\n         <img decoding=\"async\" src=\"https:\/\/avagarrett.net\/novo_site\/wp-content\/plugins\/document-gallery\/src\/assets\/icons\/pdf.png\" title=\"Regulamento Provas e Exames_Despacho Normativo n.\u00ba 2-A-2025\" alt=\"Regulamento Provas e Exames_Despacho Normativo n.\u00ba 2-A-2025\" data-ext=\"pdf\"\/>\n         <span class=\"title\">Regulamento Provas e Exames_Despacho Normativo n.\u00ba 2-A-2025<\/span>\n      <\/a>\n   <\/div>\n   <p>Regulamento Provas e Exames | Despacho Normativo n.\u00ba 2-A-2025<\/p>\n<\/div>\n<div class='document-icon-row descriptions'>\n   <div class=\"document-icon\">\n      <a href=\"https:\/\/avagarrett.net\/novo_site\/wp-content\/uploads\/2025\/03\/Guia-aplicacao-de-adaptacoes-na-realizacao-de-provas-e-exames.pdf\" target=\"_blank\">\n         <img decoding=\"async\" src=\"https:\/\/avagarrett.net\/novo_site\/wp-content\/plugins\/document-gallery\/src\/assets\/icons\/pdf.png\" title=\"Guia aplicac\u0327a\u0303o de adaptac\u0327o\u0303es na realizac\u0327a\u0303o de provas e exames\" alt=\"Guia aplicac\u0327a\u0303o de adaptac\u0327o\u0303es na realizac\u0327a\u0303o de provas e exames\" data-ext=\"pdf\"\/>\n         <span class=\"title\">Guia aplicac\u0327a\u0303o de adaptac\u0327o\u0303es na realizac\u0327a\u0303o de provas e exames<\/span>\n      <\/a>\n   <\/div>\n   <p>Guia aplica\u00e7\u00e3o de adapta\u00e7\u00f5es na realiza\u00e7\u00e3o de provas e exames<\/p>\n<\/div>\n<\/div>Liga\u00e7\u00f5esAmadora Educa Escxel Orquestra Gera\u00e7\u00e3o MENACContactosLargo Rotary Club da Amadora 2610-298 Email : geral@avagarrett.net Tel. 21 471 20 60<\/p>\n","protected":false},"author":1,"featured_media":0,"parent":0,"menu_order":0,"comment_status":"closed","ping_status":"closed","template":"","meta":{"_et_pb_use_builder":"on","_et_pb_old_content":"<!-- wp:code -->\n<pre class=\"wp-block-code\"><code>&#91;folder-gallery fid=7]<\/code><\/pre>\n<!-- \/wp:code -->\n\n<!-- wp:paragraph -->\n<p><\/p>\n<!-- \/wp:paragraph -->","_et_gb_content_width":"","footnotes":""},"class_list":["post-1166","page","type-page","status-publish","hentry"],"_links":{"self":[{"href":"https:\/\/avagarrett.net\/novo_site\/wp-json\/wp\/v2\/pages\/1166","targetHints":{"allow":["GET"]}}],"collection":[{"href":"https:\/\/avagarrett.net\/novo_site\/wp-json\/wp\/v2\/pages"}],"about":[{"href":"https:\/\/avagarrett.net\/novo_site\/wp-json\/wp\/v2\/types\/page"}],"author":[{"embeddable":true,"href":"https:\/\/avagarrett.net\/novo_site\/wp-json\/wp\/v2\/users\/1"}],"replies":[{"embeddable":true,"href":"https:\/\/avagarrett.net\/novo_site\/wp-json\/wp\/v2\/comments?post=1166"}],"version-history":[{"count":4,"href":"https:\/\/avagarrett.net\/novo_site\/wp-json\/wp\/v2\/pages\/1166\/revisions"}],"predecessor-version":[{"id":1551,"href":"https:\/\/avagarrett.net\/novo_site\/wp-json\/wp\/v2\/pages\/1166\/revisions\/1551"}],"wp:attachment":[{"href":"https:\/\/avagarrett.net\/novo_site\/wp-json\/wp\/v2\/media?parent=1166"}],"curies":[{"name":"wp","href":"https:\/\/api.w.org\/{rel}","templated":true}]}}